{"id":2144,"date":"2024-06-19T14:27:24","date_gmt":"2024-06-19T12:27:24","guid":{"rendered":"https:\/\/www.perinicalzature.com\/privacy-policy\/"},"modified":"2024-11-08T16:05:16","modified_gmt":"2024-11-08T15:05:16","slug":"privacy-policy","status":"publish","type":"page","link":"https:\/\/www.perinicalzature.com\/fr\/privacy-policy\/","title":{"rendered":"Privacy Policy"},"content":{"rendered":"\t\t<div data-elementor-type=\"wp-page\" data-elementor-id=\"2144\" class=\"elementor elementor-2144 elementor-3\">\n\t\t\t\t<div class=\"elementor-element elementor-element-6a726af6 e-flex e-con-boxed e-con e-parent\" data-id=\"6a726af6\" data-element_type=\"container\">\n\t\t\t\t\t<div class=\"e-con-inner\">\n\t\t\t\t<div class=\"elementor-element elementor-element-5c24a0d elementor-widget elementor-widget-text-editor\" data-id=\"5c24a0d\" data-element_type=\"widget\" data-widget_type=\"text-editor.default\">\n\t\t\t\t<div class=\"elementor-widget-container\">\n\t\t\t<style>\/*! elementor - v3.22.0 - 17-06-2024 *\/\n.elementor-widget-text-editor.elementor-drop-cap-view-stacked .elementor-drop-cap{background-color:#69727d;color:#fff}.elementor-widget-text-editor.elementor-drop-cap-view-framed .elementor-drop-cap{color:#69727d;border:3px solid;background-color:transparent}.elementor-widget-text-editor:not(.elementor-drop-cap-view-default) .elementor-drop-cap{margin-top:8px}.elementor-widget-text-editor:not(.elementor-drop-cap-view-default) .elementor-drop-cap-letter{width:1em;height:1em}.elementor-widget-text-editor .elementor-drop-cap{float:left;text-align:center;line-height:1;font-size:50px}.elementor-widget-text-editor .elementor-drop-cap-letter{display:inline-block}<\/style>\t\t\t\t<h2 class=\"wp-block-heading\">Privacy Policy<\/h2><div class=\"post-title-wrapper\"><h1 class=\"post-title\">\u00a0<\/h1><\/div><p>INFORMATION PURSUANT TO ART.13 OF LEGISLATIVE DECREE 196\/03<\/p><p>Pursuant to and for the purposes of art. 13 of the Legislative Decree of 30 June 2003 n. 196, \u201cCode regarding the protection of personal data\u201d, the following is specified:<\/p><p>1) Nature of Data: Your personal data (name, surname, e-mail, residence, telephone, mobile phone, etc.), accounting\/fiscal data (e.g. warehouse address, bank references, etc.), and those relating to your economic activity (e.g. type of work, etc.).<\/p><p>2) Method, Purpose and Duration of Processing:<\/p><p>2.1) These data are collected and processed to provide for the mandatory obligations related to our economic activity, legal nature and contractual relationships in place from time to time. . The data may be communicated, in addition to all those belonging to our internal structure (administrative, commercial, production&#8230;), also to subjects external to our organization such as controlled or associated companies or others who in any case carry out tasks on behalf of the company (e.g. : tax obligations, sales network, shipping, archiving, IT, consultancy, transport services, etc.); to banking institutions, for the management of collections and payments deriving from the execution of contracts; to entities acting for the recovery and protection of credit; to commercial information companies for the evaluation of companies&rsquo; solvency and debt behaviour; to subjects provided for by law.<\/p><p>2.2) Sous r\u00e9serve de votre consentement, que vous pouvez toujours r\u00e9voquer, elles seront \u00e9galement utilis\u00e9es pour :<\/p><p>a) d\u00e9velopper des \u00e9tudes et des recherches statistiques et de march\u00e9\u00a0; b) communiquer et\/ou envoyer, m\u00eame par des m\u00e9thodes automatis\u00e9es, du mat\u00e9riel publicitaire, d&rsquo;information et d&rsquo;information commerciale par voie t\u00e9l\u00e9phonique, SMS, MMS, vid\u00e9o et m\u00e9thodes similaires, courrier \u00e9lectronique, courrier papier, fax et\/ou en pi\u00e8ce jointe \u00e0 la facture\u00a0; c) exercer des activit\u00e9s de vente directe et indirecte\u00a0; d) r\u00e9aliser des communications commerciales interactives\u00a0; e) r\u00e9aliser des enqu\u00eates, sondages et enqu\u00eates sur le degr\u00e9 de satisfaction des clients sur la qualit\u00e9 des services, \u00e9galement par le biais d&rsquo;entretiens t\u00e9l\u00e9phoniques\u00a0; f) identifier, \u00e9galement par le biais du traitement \u00e9lectronique, les habitudes et propensions de consommation, pour am\u00e9liorer le service fourni, satisfaire vos besoins sp\u00e9cifiques avec des promotions avantageuses et proposer de nouveaux services et produits Perini Calzature. Les donn\u00e9es sont trait\u00e9es licitement et selon les r\u00e8gles d&rsquo;exactitude et de confidentialit\u00e9, dans le plein respect du d\u00e9cret l\u00e9gislatif 196\/03, \u00e0 l&rsquo;aide d&rsquo;outils informatiques et manuels\/papier et sont ins\u00e9r\u00e9es dans des bases de donn\u00e9es g\u00e9r\u00e9es directement par Perini Footwear.<\/p><p>3) Nature facultative de la fourniture des donn\u00e9es : La nature de la fourniture de celles-ci est facultative, mais n\u00e9cessaire pour \u00e9tablir et\/ou remplir toutes les obligations contractuelles, par cons\u00e9quent le d\u00e9faut de fournir ces donn\u00e9es ne peut pas permettre l&rsquo;\u00e9tablissement de la relation, sa poursuite ou sa ex\u00e9cution totale ou partielle.<\/p><p>4) Sujets auxquels elles peuvent \u00eatre communiqu\u00e9es\u00a0: Les donn\u00e9es susmentionn\u00e9es, ainsi que celles trait\u00e9es par les parties, ne seront pas communiqu\u00e9es ou diffus\u00e9es sauf dans les cas pr\u00e9vus par la loi et le traitement sera bas\u00e9 sur les principes d&rsquo;exactitude, de lic\u00e9it\u00e9. et la transparence pour prot\u00e9ger la confidentialit\u00e9 et les droits des parties int\u00e9ress\u00e9es.<\/p><p>5) Droits selon l&rsquo;art. 7 et 130 : Concernant les donn\u00e9es elles-m\u00eames, vous pouvez exercer les droits pr\u00e9vus par les articles. 7 et 130 du d\u00e9cret l\u00e9gislatif n. 196\/2003\u00a0; vous pouvez \u00e0 tout moment vous opposer au traitement en question en envoyant une lettre, un e-mail ou un fax au Responsable du traitement.<\/p><p>6) Responsable du traitement : Le responsable du traitement est Perini Calzature s.r.l. dont le si\u00e8ge social est situ\u00e9 Via Caduti del Lavoro 32, 25013 Carpenedolo, Brescia \u2013 Italie, Fax +39 030 996 5776, Email : info@perinicalzature.com<\/p>\t\t\t\t\t\t<\/div>\n\t\t\t\t<\/div>\n\t\t\t\t\t<\/div>\n\t\t\t\t<\/div>\n\t\t\t\t<\/div>\n\t\t","protected":false},"excerpt":{"rendered":"<p>Privacy Policy \u00a0 INFORMATION PURSUANT TO ART.13 OF LEGISLATIVE DECREE 196\/03 Pursuant to and for the purposes of art. 13 of the Legislative Decree of 30 June 2003 n. 196, \u201cCode regarding the protection of personal data\u201d, the following is specified: 1) Nature of Data: Your personal data (name, surname, e-mail, residence, telephone, mobile phone, [&hellip;]<\/p>\n","protected":false},"author":1,"featured_media":0,"parent":0,"menu_order":0,"comment_status":"closed","ping_status":"open","template":"","meta":{"footnotes":""},"class_list":["post-2144","page","type-page","status-publish","hentry"],"_links":{"self":[{"href":"https:\/\/www.perinicalzature.com\/fr\/wp-json\/wp\/v2\/pages\/2144","targetHints":{"allow":["GET"]}}],"collection":[{"href":"https:\/\/www.perinicalzature.com\/fr\/wp-json\/wp\/v2\/pages"}],"about":[{"href":"https:\/\/www.perinicalzature.com\/fr\/wp-json\/wp\/v2\/types\/page"}],"author":[{"embeddable":true,"href":"https:\/\/www.perinicalzature.com\/fr\/wp-json\/wp\/v2\/users\/1"}],"replies":[{"embeddable":true,"href":"https:\/\/www.perinicalzature.com\/fr\/wp-json\/wp\/v2\/comments?post=2144"}],"version-history":[{"count":6,"href":"https:\/\/www.perinicalzature.com\/fr\/wp-json\/wp\/v2\/pages\/2144\/revisions"}],"predecessor-version":[{"id":2153,"href":"https:\/\/www.perinicalzature.com\/fr\/wp-json\/wp\/v2\/pages\/2144\/revisions\/2153"}],"wp:attachment":[{"href":"https:\/\/www.perinicalzature.com\/fr\/wp-json\/wp\/v2\/media?parent=2144"}],"curies":[{"name":"wp","href":"https:\/\/api.w.org\/{rel}","templated":true}]}}